{"id":69,"date":"2020-01-31T16:40:49","date_gmt":"2020-01-31T15:40:49","guid":{"rendered":"http:\/\/audiotech.cz\/?page_id=69"},"modified":"2022-09-07T15:26:24","modified_gmt":"2022-09-07T13:26:24","slug":"kontakty","status":"publish","type":"page","link":"https:\/\/audiotech.cz\/en\/kontakty\/","title":{"rendered":"Contact"},"content":{"rendered":"<div class=\"wpb-content-wrapper\"><p>[vc_row css=&#8221;.vc_custom_1592907325298{padding-top: 100px !important;}&#8221;][vc_column][vc_column_text]<iframe loading=\"lazy\" class=\"praguemaps-contact\" style=\"border: 0;\" src=\"https:\/\/www.google.com\/maps\/embed?pb=!1m18!1m12!1m3!1d2560.5056136263797!2d14.429878216231149!3d50.07681977942562!2m3!1f0!2f0!3f0!3m2!1i1024!2i768!4f13.1!3m3!1m2!1s0x470b948c2a9a76c7%3A0xfa7655de019bd3a3!2sB%C4%9Blehradsk%C3%A1%20299%2F132%2C%20120%2000%20Vinohrady!5e0!3m2!1scs!2scz!4v1582107459414!5m2!1scs!2scz\" width=\"auto\" height=\"350\" frameborder=\"0\" allowfullscreen=\"allowfullscreen\"><\/iframe>[\/vc_column_text][\/vc_column][\/vc_row][vc_row layout=&#8221;boxed&#8221; css=&#8221;.vc_custom_1592909138577{margin-top: 20px !important;}&#8221; el_class=&#8221;contact-hover&#8221;][vc_column width=&#8221;1\/2&#8243;][vc_column_text]CONTACT<br \/>\nHeadquarters and studios &#8211; B\u011blehradsk\u00e1 299\/132, Praha 2-Vinohrady<\/p>\n<p>Production: +420 731 176 890<br \/>\nStudios : +420 602 317 070<br \/>\n<a href=\"mailto:praha@audiotech.cz\">praha@audiotech.cz<\/a> | <a href=\"mailto:info@audiotech.cz\">info@audiotech.cz<\/a><\/p>\n<p>Billing information:<br \/>\nAudioTech, s.r.o. &#8211; B\u011blehradsk\u00e1 299\/132, 120 00 Praha 2-Vinohrady<\/p>\n<p>I\u010c: 261 43 330<br \/>\nDI\u010c: CZ26143330<\/p>\n<p>Veden\u00e1 u M\u011bstsk\u00e9ho soudu v Praze, odd\u00edl C, vlo\u017eka 74055<br \/>\nBankovn\u00ed spojen\u00ed &#8211; \u010d.\u00fa.: 1908862\/0800, \u010cesk\u00e1 spo\u0159itelna a.s.[\/vc_column_text][\/vc_column][vc_column width=&#8221;1\/2&#8243;]\n<div class=\"wpcf7 no-js\" id=\"wpcf7-f1538-o1\" lang=\"cs-CZ\" dir=\"ltr\" data-wpcf7-id=\"1538\">\n<div class=\"screen-reader-response\"><p role=\"status\" aria-live=\"polite\" aria-atomic=\"true\"><\/p> <ul><\/ul><\/div>\n<form action=\"\/en\/wp-json\/wp\/v2\/pages\/69#wpcf7-f1538-o1\" method=\"post\" class=\"wpcf7-form init\" aria-label=\"Kontaktn\u00ed formul\u00e1\u0159\" novalidate=\"novalidate\" data-status=\"init\">\n<fieldset class=\"hidden-fields-container\"><input type=\"hidden\" name=\"_wpcf7\" value=\"1538\" \/><input type=\"hidden\" name=\"_wpcf7_version\" value=\"6.1.5\" \/><input type=\"hidden\" name=\"_wpcf7_locale\" value=\"cs_CZ\" \/><input type=\"hidden\" name=\"_wpcf7_unit_tag\" value=\"wpcf7-f1538-o1\" \/><input type=\"hidden\" name=\"_wpcf7_container_post\" value=\"0\" \/><input type=\"hidden\" name=\"_wpcf7_posted_data_hash\" value=\"\" \/><input type=\"hidden\" name=\"_wpcf7_recaptcha_response\" value=\"\" \/>\n<\/fieldset>\n<p><label> Your Name (required)<br \/>\n<span class=\"wpcf7-form-control-wrap\" data-name=\"your-name\"><input size=\"40\" maxlength=\"400\" class=\"wpcf7-form-control wpcf7-text wpcf7-validates-as-required\" aria-required=\"true\" aria-invalid=\"false\" value=\"\" type=\"text\" name=\"your-name\" \/><\/span> <\/label>\n<\/p>\n<p><label> E-mail (required)<br \/>\n<span class=\"wpcf7-form-control-wrap\" data-name=\"your-email\"><input size=\"40\" maxlength=\"400\" class=\"wpcf7-form-control wpcf7-email wpcf7-validates-as-required wpcf7-text wpcf7-validates-as-email\" aria-required=\"true\" aria-invalid=\"false\" value=\"\" type=\"email\" name=\"your-email\" \/><\/span> <\/label>\n<\/p>\n<p><label> Subject<br \/>\n<span class=\"wpcf7-form-control-wrap\" data-name=\"your-subject\"><input size=\"40\" maxlength=\"400\" class=\"wpcf7-form-control wpcf7-text\" aria-invalid=\"false\" value=\"\" type=\"text\" name=\"your-subject\" \/><\/span> <\/label>\n<\/p>\n<p><label> Your message<br \/>\n<span class=\"wpcf7-form-control-wrap\" data-name=\"your-message\"><textarea cols=\"40\" rows=\"10\" maxlength=\"2000\" class=\"wpcf7-form-control wpcf7-textarea\" aria-invalid=\"false\" name=\"your-message\"><\/textarea><\/span> <\/label><br \/>\n<span class=\"wpcf7-form-control-wrap recaptcha\" data-name=\"recaptcha\"><span data-sitekey=\"6Le2cagZAAAAADR5ioN4DrFzvwkX8ps-vCCUbtVw\" class=\"wpcf7-form-control wpcf7-recaptcha g-recaptcha\"><\/span>\r\n<noscript>\r\n\t<div class=\"grecaptcha-noscript\">\r\n\t\t<iframe loading=\"lazy\" src=\"https:\/\/www.google.com\/recaptcha\/api\/fallback?k=6Le2cagZAAAAADR5ioN4DrFzvwkX8ps-vCCUbtVw\" frameborder=\"0\" scrolling=\"no\" width=\"310\" height=\"430\">\r\n\t\t<\/iframe>\r\n\t\t<textarea name=\"g-recaptcha-response\" rows=\"3\" cols=\"40\" placeholder=\"reCaptcha Response Here\">\r\n\t\t<\/textarea>\r\n\t<\/div>\r\n<\/noscript>\r\n<\/span><br \/>\n<br \/>\n<input class=\"wpcf7-form-control wpcf7-submit has-spinner\" type=\"submit\" value=\"Send\" \/>\n<\/p><p style=\"display: none !important;\" class=\"akismet-fields-container\" data-prefix=\"_wpcf7_ak_\"><label>&#916;<textarea name=\"_wpcf7_ak_hp_textarea\" cols=\"45\" rows=\"8\" maxlength=\"100\"><\/textarea><\/label><input type=\"hidden\" id=\"ak_js_1\" name=\"_wpcf7_ak_js\" value=\"65\"\/><script>document.getElementById( \"ak_js_1\" ).setAttribute( \"value\", ( new Date() ).getTime() );<\/script><\/p><div class=\"wpcf7-response-output\" aria-hidden=\"true\"><\/div>\n<\/form>\n<\/div>\n[\/vc_column][\/vc_row][vc_row layout=&#8221;boxed&#8221; el_class=&#8221;contact-hover&#8221;][vc_column width=&#8221;1\/3&#8243; offset=&#8221;vc_hidden-sm vc_hidden-xs&#8221; css=&#8221;.vc_custom_1593783345586{margin-top: 30px !important;}&#8221;][vc_custom_heading text=&#8221;Plze\u0148&#8221; font_container=&#8221;tag:h3|font_size:25|text_align:left|color:%23000000&#8243; use_theme_fonts=&#8221;yes&#8221;][vc_column_text]Zikmunda Wintra 1282\/21<br \/>\n301 00 Plze\u0148<\/p>\n<p>Produkce<br \/>\n<a href=\"tel:+420 725 526 492\">+420 725 526 492<\/a><br \/>\n<a href=\"tel:+420 725 526 493\">+420 725 526 493<\/a><br \/>\n<a href=\"tel:+420 377 676 152\">+420 377 676 152<\/a><br \/>\n<a href=\"mailto:plzen@audiotech.cz\">plzen@audiotech.cz<\/a>[\/vc_column_text][vc_column_text]<iframe loading=\"lazy\" style=\"border: 0;\" src=\"https:\/\/www.google.com\/maps\/embed?pb=!1m18!1m12!1m3!1d2578.6701476922044!2d13.364684216064944!3d49.73583324647666!2m3!1f0!2f0!3f0!3m2!1i1024!2i768!4f13.1!3m3!1m2!1s0x470aee03a4b272cb%3A0x790f8f51834a7938!2zWmlrbXVuZGEgV2ludHJhIDEyODIvMjEsIDMwMSAwMCBQbHplxYggMy1KacW-bsOtIFDFmWVkbcSbc3TDrQ!5e0!3m2!1scs!2scz!4v1581945383489!5m2!1scs!2scz\" width=\"370\" height=\"250\" frameborder=\"0\" allowfullscreen=\"allowfullscreen\"><\/iframe>[\/vc_column_text][\/vc_column][vc_column width=&#8221;1\/3&#8243; css=&#8221;.vc_custom_1593783356582{margin-top: 30px !important;}&#8221; offset=&#8221;vc_hidden-sm vc_hidden-xs&#8221;][vc_custom_heading text=&#8221;Hradec Kr\u00e1lov\u00e9&#8221; font_container=&#8221;tag:h3|font_size:25|text_align:left|color:%23000000&#8243; use_theme_fonts=&#8221;yes&#8221;][vc_column_text]Dlouh\u00e1 200\/8<br \/>\n500 03 Hradec Kr\u00e1lov\u00e9<\/p>\n<p>Produkce<br \/>\n<a href=\"tel:+420 777 272 747\">+420 777 272 747<\/a><br \/>\n<a href=\"mailto:hk@audiotech.cz\">hk@audiotech.cz<\/a>[\/vc_column_text][vc_column_text css=&#8221;.vc_custom_1592908605608{margin-top: 70px !important;}&#8221;]<iframe loading=\"lazy\" style=\"border: 0;\" src=\"https:\/\/www.google.com\/maps\/embed?pb=!1m18!1m12!1m3!1d2553.3556177327487!2d15.832077616075937!3d50.210574712500424!2m3!1f0!2f0!3f0!3m2!1i1024!2i768!4f13.1!3m3!1m2!1s0x470c2b2d0f2f1af5%3A0xe911d895c0aa032a!2zRGxvdWjDoSAyMDAvOCwgNTAwIDAzIEhyYWRlYyBLcsOhbG92w6k!5e0!3m2!1scs!2scz!4v1581945403873!5m2!1scs!2scz\" width=\"370\" height=\"250\" frameborder=\"0\" allowfullscreen=\"allowfullscreen\"><\/iframe>[\/vc_column_text][\/vc_column][vc_column width=&#8221;1\/3&#8243; css=&#8221;.vc_custom_1593783368338{margin-top: 30px !important;}&#8221; offset=&#8221;vc_hidden-sm vc_hidden-xs&#8221;][vc_custom_heading text=&#8221;\u010cesk\u00e9 bud\u011bjovice&#8221; font_container=&#8221;tag:h3|font_size:25|text_align:left|color:%23000000&#8243; use_theme_fonts=&#8221;yes&#8221;][vc_column_text]U T\u0159\u00ed lv\u016f 256\/5<br \/>\n370 01 \u010cesk\u00e9 Bud\u011bjovice<\/p>\n<p>Produkce<br \/>\n<a href=\"tel:+420 602 109 377\">+420 602 109 377<\/a><br \/>\n<a href=\"mailto:cb@audiotech.cz\">cb@audiotech.cz<\/a>[\/vc_column_text][vc_column_text css=&#8221;.vc_custom_1592908615200{margin-top: 70px !important;}&#8221;]<iframe loading=\"lazy\" style=\"border: 0;\" src=\"https:\/\/www.google.com\/maps\/embed?pb=!1m18!1m12!1m3!1d2619.0602648458625!2d14.477121116047604!3d48.971377200697916!2m3!1f0!2f0!3f0!3m2!1i1024!2i768!4f13.1!3m3!1m2!1s0x47734fc62e88b18d%3A0xefe16ef53750f935!2zVSBUxZnDrSBsdsWvIDI1NiwgxIxlc2vDqSBCdWTEm2pvdmljZSA2LCAzNzAgMDEgxIxlc2vDqSBCdWTEm2pvdmljZQ!5e0!3m2!1scs!2scz!4v1581945427705!5m2!1scs!2scz\" width=\"370\" height=\"250\" frameborder=\"0\" allowfullscreen=\"allowfullscreen\"><\/iframe>[\/vc_column_text][\/vc_column][\/vc_row][vc_row layout=&#8221;boxed&#8221; css=&#8221;.vc_custom_1592909143553{margin-top: 30px !important;}&#8221; el_class=&#8221;contact-hover&#8221;][vc_column][vc_row_inner][vc_column_inner css=&#8221;.vc_custom_1593783379385{margin-top: 30px !important;}&#8221; offset=&#8221;vc_hidden-lg vc_hidden-md&#8221;][vc_custom_heading text=&#8221;Plze\u0148&#8221; font_container=&#8221;tag:h3|font_size:25|text_align:left|color:%23000000&#8243; use_theme_fonts=&#8221;yes&#8221;][vc_column_text]Zikmunda Wintra 1282\/21<br \/>\n301 00 Plze\u0148<\/p>\n<p>Produkce<br \/>\n<a href=\"tel:+420 725 526 492\">+420 725 526 492<\/a><br \/>\n<a href=\"tel:+420 725 526 493\">+420 725 526 493<\/a><br \/>\n<a href=\"tel:+420 377 676 152\">+420 377 676 152<\/a><br \/>\n<a href=\"mailto:plzen@audiotech.cz\">plzen@audiotech.cz<\/a>[\/vc_column_text][vc_column_text]<iframe loading=\"lazy\" style=\"border: 0;\" src=\"https:\/\/www.google.com\/maps\/embed?pb=!1m18!1m12!1m3!1d2578.6701476922044!2d13.364684216064944!3d49.73583324647666!2m3!1f0!2f0!3f0!3m2!1i1024!2i768!4f13.1!3m3!1m2!1s0x470aee03a4b272cb%3A0x790f8f51834a7938!2zWmlrbXVuZGEgV2ludHJhIDEyODIvMjEsIDMwMSAwMCBQbHplxYggMy1KacW-bsOtIFDFmWVkbcSbc3TDrQ!5e0!3m2!1scs!2scz!4v1581945383489!5m2!1scs!2scz\" width=\"370\" height=\"250\" frameborder=\"0\" allowfullscreen=\"allowfullscreen\"><\/iframe>[\/vc_column_text][\/vc_column_inner][\/vc_row_inner][vc_row_inner][vc_column_inner css=&#8221;.vc_custom_1593783393217{margin-top: 30px !important;}&#8221; offset=&#8221;vc_hidden-lg vc_hidden-md&#8221;][vc_custom_heading text=&#8221;Hradec Kr\u00e1lov\u00e9&#8221; font_container=&#8221;tag:h3|font_size:25|text_align:left|color:%23000000&#8243; use_theme_fonts=&#8221;yes&#8221;][vc_column_text]Dlouh\u00e1 200\/8<br \/>\n500 03 Hradec Kr\u00e1lov\u00e9<\/p>\n<p>Produkce<br \/>\n<a href=\"tel:+420 777 272 747\">+420 777 272 747<\/a><br \/>\n<a href=\"mailto:hk@audiotech.cz\">hk@audiotech.cz<\/a>[\/vc_column_text][vc_column_text css=&#8221;.vc_custom_1592908605608{margin-top: 70px !important;}&#8221;]<iframe loading=\"lazy\" style=\"border: 0;\" src=\"https:\/\/www.google.com\/maps\/embed?pb=!1m18!1m12!1m3!1d2553.3556177327487!2d15.832077616075937!3d50.210574712500424!2m3!1f0!2f0!3f0!3m2!1i1024!2i768!4f13.1!3m3!1m2!1s0x470c2b2d0f2f1af5%3A0xe911d895c0aa032a!2zRGxvdWjDoSAyMDAvOCwgNTAwIDAzIEhyYWRlYyBLcsOhbG92w6k!5e0!3m2!1scs!2scz!4v1581945403873!5m2!1scs!2scz\" width=\"370\" height=\"250\" frameborder=\"0\" allowfullscreen=\"allowfullscreen\"><\/iframe>[\/vc_column_text][\/vc_column_inner][\/vc_row_inner][vc_row_inner][vc_column_inner css=&#8221;.vc_custom_1593783403506{margin-top: 30px !important;}&#8221; offset=&#8221;vc_hidden-lg vc_hidden-md&#8221;][vc_custom_heading text=&#8221;\u010cesk\u00e9 bud\u011bjovice&#8221; font_container=&#8221;tag:h3|font_size:25|text_align:left|color:%23000000&#8243; use_theme_fonts=&#8221;yes&#8221;][vc_column_text]U T\u0159\u00ed lv\u016f 256\/5<br \/>\n370 01 \u010cesk\u00e9 Bud\u011bjovice<\/p>\n<p>Produkce<br \/>\n<a href=\"tel:+420 602 109 377\">+420 602 109 377<\/a><br \/>\n<a href=\"mailto:cb@audiotech.cz\">cb@audiotech.cz<\/a>[\/vc_column_text][vc_column_text css=&#8221;.vc_custom_1592908615200{margin-top: 70px !important;}&#8221;]<iframe loading=\"lazy\" style=\"border: 0;\" src=\"https:\/\/www.google.com\/maps\/embed?pb=!1m18!1m12!1m3!1d2619.0602648458625!2d14.477121116047604!3d48.971377200697916!2m3!1f0!2f0!3f0!3m2!1i1024!2i768!4f13.1!3m3!1m2!1s0x47734fc62e88b18d%3A0xefe16ef53750f935!2zVSBUxZnDrSBsdsWvIDI1NiwgxIxlc2vDqSBCdWTEm2pvdmljZSA2LCAzNzAgMDEgxIxlc2vDqSBCdWTEm2pvdmljZQ!5e0!3m2!1scs!2scz!4v1581945427705!5m2!1scs!2scz\" width=\"370\" height=\"250\" frameborder=\"0\" allowfullscreen=\"allowfullscreen\"><\/iframe>[\/vc_column_text][\/vc_column_inner][\/vc_row_inner][\/vc_column][\/vc_row]<\/p>\n<\/div>","protected":false},"excerpt":{"rendered":"<p>[vc_row css=&#8221;.vc_custom_1592907325298{padding-top: 100px !important;}&#8221;][vc_column][vc_column_text][\/vc_column_text][\/vc_column][\/vc_row][vc_row layout=&#8221;boxed&#8221; css=&#8221;.vc_custom_1592909138577{margin-top: 20px !important;}&#8221; el_class=&#8221;contact-hover&#8221;][vc_column width=&#8221;1\/2&#8243;][vc_column_text]CONTACT Headquarters and studios &#8211; B\u011blehradsk\u00e1 299\/132, Praha 2-Vinohrady Production: +420 731 176 890 Studios : +420 602 317 070 praha@audiotech.cz | info@audiotech.cz Billing information: AudioTech, s.r.o. &#8211; B\u011blehradsk\u00e1 299\/132, 120 00 Praha 2-Vinohrady I\u010c: 261 43 330 DI\u010c: CZ26143330 Veden\u00e1 u M\u011bstsk\u00e9ho soudu v Praze, [&hellip;]<\/p>\n","protected":false},"author":1,"featured_media":0,"parent":0,"menu_order":0,"comment_status":"closed","ping_status":"closed","template":"","meta":{"footnotes":""},"class_list":["post-69","page","type-page","status-publish","hentry"],"_links":{"self":[{"href":"https:\/\/audiotech.cz\/en\/wp-json\/wp\/v2\/pages\/69","targetHints":{"allow":["GET"]}}],"collection":[{"href":"https:\/\/audiotech.cz\/en\/wp-json\/wp\/v2\/pages"}],"about":[{"href":"https:\/\/audiotech.cz\/en\/wp-json\/wp\/v2\/types\/page"}],"author":[{"embeddable":true,"href":"https:\/\/audiotech.cz\/en\/wp-json\/wp\/v2\/users\/1"}],"replies":[{"embeddable":true,"href":"https:\/\/audiotech.cz\/en\/wp-json\/wp\/v2\/comments?post=69"}],"version-history":[{"count":31,"href":"https:\/\/audiotech.cz\/en\/wp-json\/wp\/v2\/pages\/69\/revisions"}],"predecessor-version":[{"id":1800,"href":"https:\/\/audiotech.cz\/en\/wp-json\/wp\/v2\/pages\/69\/revisions\/1800"}],"wp:attachment":[{"href":"https:\/\/audiotech.cz\/en\/wp-json\/wp\/v2\/media?parent=69"}],"curies":[{"name":"wp","href":"https:\/\/api.w.org\/{rel}","templated":true}]}}