{"id":67,"date":"2020-01-31T16:40:03","date_gmt":"2020-01-31T15:40:03","guid":{"rendered":"http:\/\/audiotech.cz\/?page_id=67"},"modified":"2020-07-17T16:58:28","modified_gmt":"2020-07-17T14:58:28","slug":"casting","status":"publish","type":"page","link":"https:\/\/audiotech.cz\/en\/casting\/","title":{"rendered":"Casting"},"content":{"rendered":"<div class=\"wpb-content-wrapper\"><p>[vc_row css=&#8221;.vc_custom_1592905978644{padding-top: 180px !important;padding-bottom: 120px !important;background-image: url(https:\/\/audiotech.cz\/wp-content\/uploads\/2020\/06\/section-audiotech.jpg?id=1224) !important;}&#8221;][vc_column][vc_row_inner layout=&#8221;boxed&#8221;][vc_column_inner][vc_custom_heading text=&#8221;Casting&#8221; font_container=&#8221;tag:h1|font_size:60px|text_align:center|color:%23ffffff&#8221; use_theme_fonts=&#8221;yes&#8221;][vc_custom_heading text=&#8221;AudioTech will provide you with ideal voices for your projects not only in Czech, but also in other languages.<br \/>\nOur database has 150 voices for radio spots.<br \/>\nAs you wish, we will carry out a tailored casting so that you can devote yourself to something more fun.&#8221; font_container=&#8221;tag:h2|font_size:20|text_align:center|color:%23ffffff&#8221; use_theme_fonts=&#8221;yes&#8221;][\/vc_column_inner][\/vc_row_inner][\/vc_column][\/vc_row][vc_row layout=&#8221;boxed&#8221; el_class=&#8221;intercactive&#8221; css=&#8221;.vc_custom_1594820090877{margin-top: 20px !important;}&#8221;][vc_column width=&#8221;1\/2&#8243;]<div tabindex=\"0\" class=\"ult-new-ib ult-ib-effect-style6  ult-ib-resp ult-ib2-min-height \" data-min-width=\"768\" data-max-width=\"900\" style=\"background:rgba(0,0,0,0.7); opacity:0; \" data-opacity=\"0.7\" data-hover-opacity=\"0.4\"  data-min-height=\"377\" ><img decoding=\"async\" class=\"ult-new-ib-img\" style=\"opacity:0.7;\" alt=\"null\" src=\"https:\/\/audiotech.cz\/wp-content\/uploads\/2020\/04\/Audiotech-galerie-16.jpg\"  data-min-height=\"377\"   \/><div id=\"interactive-banner-wrap-9394\" class=\"ult-new-ib-desc\" style=\"\"><span class=\"ult-new-ib-title ult-responsive\"  data-ultimate-target='#interactive-banner-wrap-9394 .ult-new-ib-title'  data-responsive-json-new='{\"font-size\":\"desktop:45px;\",\"line-height\":\"\"}'  style=\"font-weight:bold;display: block\">PRAHA<\/span><div class=\"ult-new-ib-content ult-responsive\"  data-ultimate-target='#interactive-banner-wrap-9394 .ult-new-ib-content'  data-responsive-json-new='{\"font-size\":\"desktop:23px;\",\"line-height\":\"\"}'  style=\"font-weight:normal;\"><p>Casting centrum<\/p><\/div><\/div><a class=\"ult-new-ib-link\" href=\"https:\/\/audiotech.cz\/praha\/\" title=\"Praha\"  ><\/a><\/div>[\/vc_column][vc_column width=&#8221;1\/2&#8243;]<div tabindex=\"0\" class=\"ult-new-ib ult-ib-effect-style6  ult-ib-resp ult-ib2-min-height \" data-min-width=\"768\" data-max-width=\"900\" style=\"background:rgba(0,0,0,0.7); opacity:0; \" data-opacity=\"0.7\" data-hover-opacity=\"0.4\"  data-min-height=\"377\" ><img decoding=\"async\" class=\"ult-new-ib-img\" style=\"opacity:0.7;\" alt=\"null\" src=\"https:\/\/audiotech.cz\/wp-content\/uploads\/2020\/05\/Plze\u0148.jpg\"  data-min-height=\"377\"   \/><div id=\"interactive-banner-wrap-1471\" class=\"ult-new-ib-desc\" style=\"\"><span class=\"ult-new-ib-title ult-responsive\"  data-ultimate-target='#interactive-banner-wrap-1471 .ult-new-ib-title'  data-responsive-json-new='{\"font-size\":\"desktop:45px;\",\"line-height\":\"\"}'  style=\"font-weight:bold;display: block\">PLZE\u0147<\/span><div class=\"ult-new-ib-content ult-responsive\"  data-ultimate-target='#interactive-banner-wrap-1471 .ult-new-ib-content'  data-responsive-json-new='{\"font-size\":\"desktop:23px;\",\"line-height\":\"\"}'  style=\"font-weight:normal;\"><p>Casting centrum<\/p><\/div><\/div><a class=\"ult-new-ib-link\" href=\"https:\/\/audiotech.cz\/plzen\/\" title=\"Praha\"  ><\/a><\/div>[\/vc_column][\/vc_row][vc_row layout=&#8221;boxed&#8221; css=&#8221;.vc_custom_1591697407040{margin-top: 30px !important;margin-bottom: 30px !important;}&#8221; el_class=&#8221;intercactive&#8221;][vc_column width=&#8221;1\/2&#8243;]<div tabindex=\"0\" class=\"ult-new-ib ult-ib-effect-style6  ult-ib-resp ult-ib2-min-height \" data-min-width=\"768\" data-max-width=\"900\" style=\"background:rgba(0,0,0,0.7); opacity:0; \" data-opacity=\"0.7\" data-hover-opacity=\"0.4\"  data-min-height=\"377\" ><img decoding=\"async\" class=\"ult-new-ib-img\" style=\"opacity:0.7;\" alt=\"null\" src=\"https:\/\/audiotech.cz\/wp-content\/uploads\/2020\/05\/Hradec.jpg\"  data-min-height=\"377\"   \/><div id=\"interactive-banner-wrap-8193\" class=\"ult-new-ib-desc\" style=\"\"><span class=\"ult-new-ib-title ult-responsive\"  data-ultimate-target='#interactive-banner-wrap-8193 .ult-new-ib-title'  data-responsive-json-new='{\"font-size\":\"desktop:45px;\",\"line-height\":\"\"}'  style=\"font-weight:bold;display: block\">HRADEC KR\u00c1LOV\u00c9<\/span><div class=\"ult-new-ib-content ult-responsive\"  data-ultimate-target='#interactive-banner-wrap-8193 .ult-new-ib-content'  data-responsive-json-new='{\"font-size\":\"desktop:23px;\",\"line-height\":\"\"}'  style=\"font-weight:normal;\"><p>Casting centrum<\/p><\/div><\/div><a class=\"ult-new-ib-link\" href=\"https:\/\/audiotech.cz\/hradec-kralove\/\" title=\"Praha\"  ><\/a><\/div>[\/vc_column][vc_column width=&#8221;1\/2&#8243;]<div tabindex=\"0\" class=\"ult-new-ib ult-ib-effect-style6  ult-ib-resp ult-ib2-min-height \" data-min-width=\"768\" data-max-width=\"900\" style=\"background:rgba(0,0,0,0.7); opacity:0; \" data-opacity=\"0.7\" data-hover-opacity=\"0.4\"  data-min-height=\"377\" ><img decoding=\"async\" class=\"ult-new-ib-img\" style=\"opacity:0.7;\" alt=\"null\" src=\"https:\/\/audiotech.cz\/wp-content\/uploads\/2020\/06\/Casting-\u010cesk\u00e9-Bud\u011bjovice.jpg\"  data-min-height=\"377\"   \/><div id=\"interactive-banner-wrap-3396\" class=\"ult-new-ib-desc\" style=\"\"><span class=\"ult-new-ib-title ult-responsive\"  data-ultimate-target='#interactive-banner-wrap-3396 .ult-new-ib-title'  data-responsive-json-new='{\"font-size\":\"desktop:45px;\",\"line-height\":\"\"}'  style=\"font-weight:bold;display: block\">\u010cESK\u00c9 BUD\u011aJOVICE<\/span><div class=\"ult-new-ib-content ult-responsive\"  data-ultimate-target='#interactive-banner-wrap-3396 .ult-new-ib-content'  data-responsive-json-new='{\"font-size\":\"desktop:23px;\",\"line-height\":\"\"}'  style=\"font-weight:normal;\"><p>Casting centrum<\/p><\/div><\/div><a class=\"ult-new-ib-link\" href=\"https:\/\/audiotech.cz\/ceske-budejovice\/\" title=\"Praha\"  ><\/a><\/div>[\/vc_column][\/vc_row]<\/p>\n<\/div>","protected":false},"excerpt":{"rendered":"<p>[vc_row css=&#8221;.vc_custom_1592905978644{padding-top: 180px !important;padding-bottom: 120px !important;background-image: url(https:\/\/audiotech.cz\/wp-content\/uploads\/2020\/06\/section-audiotech.jpg?id=1224) !important;}&#8221;][vc_column][vc_row_inner layout=&#8221;boxed&#8221;][vc_column_inner][vc_custom_heading text=&#8221;Casting&#8221; font_container=&#8221;tag:h1|font_size:60px|text_align:center|color:%23ffffff&#8221; use_theme_fonts=&#8221;yes&#8221;][vc_custom_heading text=&#8221;AudioTech will provide you with ideal voices for your projects not only in Czech, but also in other languages. Our database has 150 voices for radio spots. As you wish, we will carry out a tailored casting so that you can devote yourself [&hellip;]<\/p>\n","protected":false},"author":1,"featured_media":0,"parent":0,"menu_order":0,"comment_status":"closed","ping_status":"closed","template":"","meta":{"footnotes":""},"class_list":["post-67","page","type-page","status-publish","hentry"],"_links":{"self":[{"href":"https:\/\/audiotech.cz\/en\/wp-json\/wp\/v2\/pages\/67","targetHints":{"allow":["GET"]}}],"collection":[{"href":"https:\/\/audiotech.cz\/en\/wp-json\/wp\/v2\/pages"}],"about":[{"href":"https:\/\/audiotech.cz\/en\/wp-json\/wp\/v2\/types\/page"}],"author":[{"embeddable":true,"href":"https:\/\/audiotech.cz\/en\/wp-json\/wp\/v2\/users\/1"}],"replies":[{"embeddable":true,"href":"https:\/\/audiotech.cz\/en\/wp-json\/wp\/v2\/comments?post=67"}],"version-history":[{"count":104,"href":"https:\/\/audiotech.cz\/en\/wp-json\/wp\/v2\/pages\/67\/revisions"}],"predecessor-version":[{"id":1731,"href":"https:\/\/audiotech.cz\/en\/wp-json\/wp\/v2\/pages\/67\/revisions\/1731"}],"wp:attachment":[{"href":"https:\/\/audiotech.cz\/en\/wp-json\/wp\/v2\/media?parent=67"}],"curies":[{"name":"wp","href":"https:\/\/api.w.org\/{rel}","templated":true}]}}